{"id":765,"date":"2024-10-24T08:45:57","date_gmt":"2024-10-24T06:45:57","guid":{"rendered":"https:\/\/audeo.com.tn\/wp2\/?post_type=product&#038;p=765"},"modified":"2025-05-21T14:56:07","modified_gmt":"2025-05-21T12:56:07","slug":"jacquard","status":"publish","type":"product","link":"https:\/\/audeo.com.tn\/en\/product\/jacquard\/","title":{"rendered":"Jacquard"},"content":{"rendered":"","protected":false},"excerpt":{"rendered":"<p>Applications: workwear, automotive, ready-to-wear, swimwear and underwear, sportswear<\/p>\n<p>D\u00e9coratif et presque inusable, le ruban jacquard contient un motif tiss\u00e9 au c\u0153ur de la trame. \u00c9lastique ou rigide, il est destin\u00e9 \u00e0 mettre en avant les logos et noms de marque dans les accessoires et finitions textile en confection et packaging.\u00a0 Notre gamme de couleurs nous permettra de respecter au mieux votre charte graphique.<\/p>","protected":false},"featured_media":767,"template":"","meta":{"_acf_changed":false},"product_brand":[],"product_cat":[20],"product_tag":[26,32,27],"class_list":{"0":"post-765","1":"product","2":"type-product","3":"status-publish","4":"has-post-thumbnail","6":"product_cat-tissage","7":"product_tag-elasthanne","8":"product_tag-gomme-guipee","9":"product_tag-polyamide","11":"first","12":"instock","13":"shipping-taxable","14":"product-type-simple"},"acf":[],"aioseo_notices":[],"_links":{"self":[{"href":"https:\/\/audeo.com.tn\/en\/wp-json\/wp\/v2\/product\/765","targetHints":{"allow":["GET"]}}],"collection":[{"href":"https:\/\/audeo.com.tn\/en\/wp-json\/wp\/v2\/product"}],"about":[{"href":"https:\/\/audeo.com.tn\/en\/wp-json\/wp\/v2\/types\/product"}],"wp:featuredmedia":[{"embeddable":true,"href":"https:\/\/audeo.com.tn\/en\/wp-json\/wp\/v2\/media\/767"}],"wp:attachment":[{"href":"https:\/\/audeo.com.tn\/en\/wp-json\/wp\/v2\/media?parent=765"}],"wp:term":[{"taxonomy":"product_brand","embeddable":true,"href":"https:\/\/audeo.com.tn\/en\/wp-json\/wp\/v2\/product_brand?post=765"},{"taxonomy":"product_cat","embeddable":true,"href":"https:\/\/audeo.com.tn\/en\/wp-json\/wp\/v2\/product_cat?post=765"},{"taxonomy":"product_tag","embeddable":true,"href":"https:\/\/audeo.com.tn\/en\/wp-json\/wp\/v2\/product_tag?post=765"}],"curies":[{"name":"wp","href":"https:\/\/api.w.org\/{rel}","templated":true}]}}