{"id":728,"date":"2024-10-23T13:58:22","date_gmt":"2024-10-23T11:58:22","guid":{"rendered":"https:\/\/audeo.com.tn\/wp2\/?post_type=product&#038;p=728"},"modified":"2025-05-21T15:54:53","modified_gmt":"2025-05-21T13:54:53","slug":"tresse-plate-elastique","status":"publish","type":"product","link":"https:\/\/audeo.com.tn\/en\/product\/tresse-plate-elastique\/","title":{"rendered":"Flat elastic braid"},"content":{"rendered":"","protected":false},"excerpt":{"rendered":"<p>Utilisation :\u00a0 sportswear, pr\u00eat \u00e0 porter, v\u00eatement de travail, m\u00e9dical, automobile, maillot de bain<\/p>\n<p>Elastic braid is an essential textile accessory for many garments and lingerie items. It is also used in industrial and medical equipment.<\/p>\n<p>Our braids are manufactured in our workshop in Tunisia from rubber and polyester to ensure perfect resistance and a design adapted to your needs, in the width and color of your choice.<\/p>","protected":false},"featured_media":730,"template":"","meta":{"_acf_changed":false},"product_brand":[],"product_cat":[23],"product_tag":[29,25],"class_list":{"0":"post-728","1":"product","2":"type-product","3":"status-publish","4":"has-post-thumbnail","6":"product_cat-tressage","7":"product_tag-gomme-naturelle","8":"product_tag-polyester","10":"first","11":"instock","12":"shipping-taxable","13":"product-type-simple"},"acf":[],"aioseo_notices":[],"_links":{"self":[{"href":"https:\/\/audeo.com.tn\/en\/wp-json\/wp\/v2\/product\/728","targetHints":{"allow":["GET"]}}],"collection":[{"href":"https:\/\/audeo.com.tn\/en\/wp-json\/wp\/v2\/product"}],"about":[{"href":"https:\/\/audeo.com.tn\/en\/wp-json\/wp\/v2\/types\/product"}],"wp:featuredmedia":[{"embeddable":true,"href":"https:\/\/audeo.com.tn\/en\/wp-json\/wp\/v2\/media\/730"}],"wp:attachment":[{"href":"https:\/\/audeo.com.tn\/en\/wp-json\/wp\/v2\/media?parent=728"}],"wp:term":[{"taxonomy":"product_brand","embeddable":true,"href":"https:\/\/audeo.com.tn\/en\/wp-json\/wp\/v2\/product_brand?post=728"},{"taxonomy":"product_cat","embeddable":true,"href":"https:\/\/audeo.com.tn\/en\/wp-json\/wp\/v2\/product_cat?post=728"},{"taxonomy":"product_tag","embeddable":true,"href":"https:\/\/audeo.com.tn\/en\/wp-json\/wp\/v2\/product_tag?post=728"}],"curies":[{"name":"wp","href":"https:\/\/api.w.org\/{rel}","templated":true}]}}