{"id":536,"date":"2024-10-04T11:24:03","date_gmt":"2024-10-04T09:24:03","guid":{"rendered":"https:\/\/audeo.com.tn\/wp2\/?page_id=536"},"modified":"2025-05-16T12:58:39","modified_gmt":"2025-05-16T10:58:39","slug":"catalogue-audeo-tissage","status":"publish","type":"page","link":"https:\/\/audeo.com.tn\/en\/catalogue\/catalogue-audeo-tissage\/","title":{"rendered":"Audeo catalog for weaving"},"content":{"rendered":"<h1 class=\"wp-block-heading has-text-align-center has-black-color has-text-color has-link-color wp-elements-3f9b642c24dc5977117fb6579b93dcd1\">Catalogue of our woven products<\/h1>\n\n\n\n<p class=\"has-text-align-center\">Browse our online catalogue to discover our range of twill ribbons, grosgrain ribbons, webbings, taffeta ribbons...<\/p>\n\n\n\n<div style=\"height:20px\" aria-hidden=\"true\" class=\"wp-block-spacer\"><\/div>\n\n\n\n<iframe style=\"width:1750px;height:750px\" src=\"https:\/\/online.anyflip.com\/ghghf\/mfhl\/index.html\"  seamless=\"seamless\" scrolling=\"no\" frameborder=\"0\" allowtransparency=\"true\" allowfullscreen=\"true\" ><\/iframe>","protected":false},"excerpt":{"rendered":"<p>Catalogue de nos articles tiss\u00e9s Consultez notre catalogue en ligne pour d\u00e9couvrir nos cr\u00e9ations de rubans serg\u00e9s, rubans gros grain, sangles, rubans taffetas&#8230;<\/p>","protected":false},"author":1,"featured_media":0,"parent":527,"menu_order":0,"comment_status":"closed","ping_status":"closed","template":"templates\/template-no-sidebar.php","meta":{"_acf_changed":false,"footnotes":""},"class_list":["post-536","page","type-page","status-publish","hentry"],"acf":[],"aioseo_notices":[],"_links":{"self":[{"href":"https:\/\/audeo.com.tn\/en\/wp-json\/wp\/v2\/pages\/536","targetHints":{"allow":["GET"]}}],"collection":[{"href":"https:\/\/audeo.com.tn\/en\/wp-json\/wp\/v2\/pages"}],"about":[{"href":"https:\/\/audeo.com.tn\/en\/wp-json\/wp\/v2\/types\/page"}],"author":[{"embeddable":true,"href":"https:\/\/audeo.com.tn\/en\/wp-json\/wp\/v2\/users\/1"}],"replies":[{"embeddable":true,"href":"https:\/\/audeo.com.tn\/en\/wp-json\/wp\/v2\/comments?post=536"}],"version-history":[{"count":8,"href":"https:\/\/audeo.com.tn\/en\/wp-json\/wp\/v2\/pages\/536\/revisions"}],"predecessor-version":[{"id":1027,"href":"https:\/\/audeo.com.tn\/en\/wp-json\/wp\/v2\/pages\/536\/revisions\/1027"}],"up":[{"embeddable":true,"href":"https:\/\/audeo.com.tn\/en\/wp-json\/wp\/v2\/pages\/527"}],"wp:attachment":[{"href":"https:\/\/audeo.com.tn\/en\/wp-json\/wp\/v2\/media?parent=536"}],"curies":[{"name":"wp","href":"https:\/\/api.w.org\/{rel}","templated":true}]}}