{"id":532,"date":"2024-10-04T11:11:07","date_gmt":"2024-10-04T09:11:07","guid":{"rendered":"https:\/\/audeo.com.tn\/wp2\/?page_id=532"},"modified":"2025-05-16T16:18:25","modified_gmt":"2025-05-16T14:18:25","slug":"catalogue-audeo-tressage","status":"publish","type":"page","link":"https:\/\/audeo.com.tn\/en\/catalogue\/catalogue-audeo-tressage\/","title":{"rendered":"Catalogue Audeo tressage"},"content":{"rendered":"<h1 class=\"wp-block-heading has-text-align-center has-black-color has-text-color has-link-color wp-elements-f28341bf97738ee06c7f366b5647e0d5\" style=\"font-size:40px\">Catalogue of our braided products<\/h1>\n\n\n\n<p class=\"has-text-align-center\">Consult our online catalogue to discover our range of cords, braids, elastics, ropes, piping, rick racks...<\/p>\n\n\n\n<div style=\"height:20px\" aria-hidden=\"true\" class=\"wp-block-spacer\"><\/div>\n\n\n\n<iframe style=\"width:1700px;height:750px\" src=\"https:\/\/online.anyflip.com\/ghghf\/uyip\/index.html\"  seamless=\"seamless\" scrolling=\"no\" frameborder=\"0\" allowtransparency=\"true\" allowfullscreen=\"true\" ><\/iframe>\n\n\n\n<p><\/p>","protected":false},"excerpt":{"rendered":"<p>Catalogue de nos articles tress\u00e9s Consultez notre catalogue en ligne pour d\u00e9couvrir notre gamme de cordons, tresses, \u00e9lastiques, cordes, passepoils, croquets&#8230;<\/p>","protected":false},"author":1,"featured_media":0,"parent":527,"menu_order":0,"comment_status":"closed","ping_status":"closed","template":"templates\/template-no-sidebar.php","meta":{"_acf_changed":false,"footnotes":""},"class_list":["post-532","page","type-page","status-publish","hentry"],"acf":[],"aioseo_notices":[],"_links":{"self":[{"href":"https:\/\/audeo.com.tn\/en\/wp-json\/wp\/v2\/pages\/532","targetHints":{"allow":["GET"]}}],"collection":[{"href":"https:\/\/audeo.com.tn\/en\/wp-json\/wp\/v2\/pages"}],"about":[{"href":"https:\/\/audeo.com.tn\/en\/wp-json\/wp\/v2\/types\/page"}],"author":[{"embeddable":true,"href":"https:\/\/audeo.com.tn\/en\/wp-json\/wp\/v2\/users\/1"}],"replies":[{"embeddable":true,"href":"https:\/\/audeo.com.tn\/en\/wp-json\/wp\/v2\/comments?post=532"}],"version-history":[{"count":10,"href":"https:\/\/audeo.com.tn\/en\/wp-json\/wp\/v2\/pages\/532\/revisions"}],"predecessor-version":[{"id":1041,"href":"https:\/\/audeo.com.tn\/en\/wp-json\/wp\/v2\/pages\/532\/revisions\/1041"}],"up":[{"embeddable":true,"href":"https:\/\/audeo.com.tn\/en\/wp-json\/wp\/v2\/pages\/527"}],"wp:attachment":[{"href":"https:\/\/audeo.com.tn\/en\/wp-json\/wp\/v2\/media?parent=532"}],"curies":[{"name":"wp","href":"https:\/\/api.w.org\/{rel}","templated":true}]}}