{"id":527,"date":"2024-10-04T11:01:24","date_gmt":"2024-10-04T09:01:24","guid":{"rendered":"https:\/\/audeo.com.tn\/wp2\/?page_id=527"},"modified":"2025-04-22T08:41:27","modified_gmt":"2025-04-22T06:41:27","slug":"catalogue","status":"publish","type":"page","link":"https:\/\/audeo.com.tn\/en\/catalogue\/","title":{"rendered":"Catalog"},"content":{"rendered":"<p>Discover the creative possibilities in braiding and weaving by consulting our online product catalogues. Our team will be happy to answer any questions you may have about our products and their availability.<\/p>\n\n\n\n<div style=\"height:20px\" aria-hidden=\"true\" class=\"wp-block-spacer\"><\/div>\n\n\n\n<div class=\"wp-block-columns is-layout-flex wp-container-core-columns-is-layout-9d6595d7 wp-block-columns-is-layout-flex\">\n<div class=\"wp-block-column is-layout-flow wp-block-column-is-layout-flow\">\n<h2 class=\"wp-block-heading has-text-align-center\">Braiding catalog<\/h2>\n\n\n<div class=\"wp-block-image\">\n<figure class=\"aligncenter size-full\"><a href=\"https:\/\/audeo.com.tn\/en\/catalogue\/catalogue-audeo-tressage\/\"><img loading=\"lazy\" decoding=\"async\" width=\"585\" height=\"390\" src=\"https:\/\/audeo.com.tn\/wp2\/wp-content\/uploads\/2024\/10\/catalogue-audio-tressage-image.jpg\" alt=\"catalogue Tressage\" class=\"wp-image-528\" srcset=\"https:\/\/audeo.com.tn\/wp2\/wp-content\/uploads\/2024\/10\/catalogue-audio-tressage-image.jpg 585w, https:\/\/audeo.com.tn\/wp2\/wp-content\/uploads\/2024\/10\/catalogue-audio-tressage-image-300x200.jpg 300w\" sizes=\"auto, (max-width: 585px) 100vw, 585px\" \/><\/a><\/figure>\n<\/div><\/div>\n\n\n\n<div class=\"wp-block-column is-layout-flow wp-block-column-is-layout-flow\">\n<h2 class=\"wp-block-heading has-text-align-center\">Weaving catalog<\/h2>\n\n\n<div class=\"wp-block-image\">\n<figure class=\"aligncenter size-full\"><a href=\"https:\/\/audeo.com.tn\/en\/catalogue\/catalogue-audeo-tissage\/\"><img loading=\"lazy\" decoding=\"async\" width=\"585\" height=\"390\" src=\"https:\/\/audeo.com.tn\/wp2\/wp-content\/uploads\/2024\/10\/catalogue-audio-tissage-image.jpg\" alt=\"Catalogue Tissage\" class=\"wp-image-529\" srcset=\"https:\/\/audeo.com.tn\/wp2\/wp-content\/uploads\/2024\/10\/catalogue-audio-tissage-image.jpg 585w, https:\/\/audeo.com.tn\/wp2\/wp-content\/uploads\/2024\/10\/catalogue-audio-tissage-image-300x200.jpg 300w\" sizes=\"auto, (max-width: 585px) 100vw, 585px\" \/><\/a><\/figure>\n<\/div><\/div>\n<\/div>","protected":false},"excerpt":{"rendered":"<p>D\u00e9couvrez les possibilit\u00e9s de cr\u00e9ation en tressage et tissage en consultant nos catalogues produits en ligne. Notre \u00e9quipe se tient \u00e0 votre disposition pour toute demande de renseignement sur nos produits et leur disponibilit\u00e9. Catalogue Tressage Catalogue Tissage<\/p>","protected":false},"author":1,"featured_media":0,"parent":0,"menu_order":0,"comment_status":"closed","ping_status":"closed","template":"templates\/template-no-sidebar.php","meta":{"_acf_changed":false,"footnotes":""},"class_list":["post-527","page","type-page","status-publish","hentry"],"acf":[],"aioseo_notices":[],"_links":{"self":[{"href":"https:\/\/audeo.com.tn\/en\/wp-json\/wp\/v2\/pages\/527","targetHints":{"allow":["GET"]}}],"collection":[{"href":"https:\/\/audeo.com.tn\/en\/wp-json\/wp\/v2\/pages"}],"about":[{"href":"https:\/\/audeo.com.tn\/en\/wp-json\/wp\/v2\/types\/page"}],"author":[{"embeddable":true,"href":"https:\/\/audeo.com.tn\/en\/wp-json\/wp\/v2\/users\/1"}],"replies":[{"embeddable":true,"href":"https:\/\/audeo.com.tn\/en\/wp-json\/wp\/v2\/comments?post=527"}],"version-history":[{"count":9,"href":"https:\/\/audeo.com.tn\/en\/wp-json\/wp\/v2\/pages\/527\/revisions"}],"predecessor-version":[{"id":1007,"href":"https:\/\/audeo.com.tn\/en\/wp-json\/wp\/v2\/pages\/527\/revisions\/1007"}],"wp:attachment":[{"href":"https:\/\/audeo.com.tn\/en\/wp-json\/wp\/v2\/media?parent=527"}],"curies":[{"name":"wp","href":"https:\/\/api.w.org\/{rel}","templated":true}]}}