{"id":420,"date":"2024-09-19T16:40:26","date_gmt":"2024-09-19T14:40:26","guid":{"rendered":"https:\/\/audeo.com.tn\/wp2\/?page_id=420"},"modified":"2025-05-20T16:06:54","modified_gmt":"2025-05-20T14:06:54","slug":"entreprise","status":"publish","type":"page","link":"https:\/\/audeo.com.tn\/en\/entreprise\/","title":{"rendered":"About us"},"content":{"rendered":"\n<div class=\"wp-block-columns is-layout-flex wp-container-core-columns-is-layout-9d6595d7 wp-block-columns-is-layout-flex\">\n<div class=\"wp-block-column is-vertically-aligned-center is-layout-flow wp-block-column-is-layout-flow\"><div class=\"wp-block-image\">\n<figure class=\"aligncenter size-full\"><img loading=\"lazy\" decoding=\"async\" width=\"615\" height=\"410\" src=\"https:\/\/audeo.com.tn\/wp2\/wp-content\/uploads\/2024\/09\/audeo-presentation.jpg\" alt=\"Audeo\" class=\"wp-image-422\" srcset=\"https:\/\/audeo.com.tn\/wp2\/wp-content\/uploads\/2024\/09\/audeo-presentation.jpg 615w, https:\/\/audeo.com.tn\/wp2\/wp-content\/uploads\/2024\/09\/audeo-presentation-300x200.jpg 300w, https:\/\/audeo.com.tn\/wp2\/wp-content\/uploads\/2024\/09\/audeo-presentation-600x400.jpg 600w\" sizes=\"auto, (max-width: 615px) 100vw, 615px\" \/><\/figure>\n<\/div><\/div>\n\n\n\n<div class=\"wp-block-column is-vertically-aligned-center is-layout-flow wp-block-column-is-layout-flow\" style=\"padding-right:0px;padding-left:0px\">\n<h2 class=\"wp-block-heading\" style=\"margin-top:var(--wp--preset--spacing--60);margin-right:0;margin-bottom:var(--wp--preset--spacing--60);margin-left:0;font-size:40px\">Qui sommes-nous<\/h2>\n\n\n\n<p>La soci\u00e9t\u00e9 Aud\u00e9o cr\u00e9e en 2005 est sp\u00e9cialis\u00e9e dans la fabrication de textile \u00e9troit, nous fabriquons et commercialisons des articles tress\u00e9s et tiss\u00e9s \u00e9lastiques et rigides de type rubans, galons, sangles, cordons, tresses, c\u00e2bl\u00e9, tricotine\u2026 Aud\u00e9o met \u00e0 disposition une \u00e9quipe de personnes r\u00e9actives et exp\u00e9riment\u00e9es, afin de r\u00e9pondre \u00e0 tous vos besoins sp\u00e9cifiques Notre production se r\u00e9partit sur 4000 M2 et un site de fabrication disposant d\u2019un parc de plus de 300 machines\u2026<\/p>\n<\/div>\n<\/div>\n\n\n\n<div class=\"wp-block-columns is-layout-flex wp-container-core-columns-is-layout-14552f56 wp-block-columns-is-layout-flex\" style=\"margin-top:0px;margin-bottom:0px\">\n<div class=\"wp-block-column is-vertically-aligned-center is-layout-flow wp-block-column-is-layout-flow\">\n<h2 class=\"wp-block-heading\" style=\"margin-top:var(--wp--preset--spacing--60);margin-bottom:var(--wp--preset--spacing--60);font-size:40px\">Historique<\/h2>\n\n\n\n<p>Plus de 15 ans d\u2019existence, notre savoir-faire technique est reconnu dans de multiples secteurs (d\u00e9coration, textile, m\u00e9dical, industrie\u2026)<\/p>\n<\/div>\n\n\n\n<div class=\"wp-block-column is-vertically-aligned-center is-layout-flow wp-block-column-is-layout-flow\"><div class=\"wp-block-image\">\n<figure class=\"aligncenter size-full\"><img loading=\"lazy\" decoding=\"async\" width=\"600\" height=\"550\" src=\"https:\/\/audeo.com.tn\/wp2\/wp-content\/uploads\/2024\/09\/historique.jpg\" alt=\"\" class=\"wp-image-427\" srcset=\"https:\/\/audeo.com.tn\/wp2\/wp-content\/uploads\/2024\/09\/historique.jpg 600w, https:\/\/audeo.com.tn\/wp2\/wp-content\/uploads\/2024\/09\/historique-300x275.jpg 300w\" sizes=\"auto, (max-width: 600px) 100vw, 600px\" \/><\/figure>\n<\/div><\/div>\n<\/div>\n\n\n\n<div style=\"height:20px\" aria-hidden=\"true\" class=\"wp-block-spacer\"><\/div>\n\n\n<div class=\"align wp-block-tlgb-b-timeline-block\" id='BTimelineBlock-1'\r\n  data-attributes='{&quot;timelines&quot;:[{&quot;label&quot;:&quot;2012&quot;,&quot;description&quot;:&quot;Obtention de deux certificats Oeko-Tex&quot;},{&quot;label&quot;:&quot;2014&quot;,&quot;description&quot;:&quot;Extension de l&#039;unit\\u00e9 de production (1er \\u00e9tage)&quot;},{&quot;label&quot;:&quot;2015&quot;,&quot;description&quot;:&quot;Certification ISO 9001 version 2008&quot;},{&quot;label&quot;:&quot;2018&quot;,&quot;description&quot;:&quot;Certification ISO 9001 Version 2015&quot;},{&quot;label&quot;:&quot;2022&quot;,&quot;description&quot;:&quot;Rachat par le Groupe Gauthier&quot;},{&quot;label&quot;:&quot;2024&quot;,&quot;description&quot;:&quot;Renouvellement certification ISO 9100 : 2015&quot;}],&quot;type&quot;:&quot;horizontal&quot;,&quot;labelLocation&quot;:&quot;bottom&quot;,&quot;barDotColor&quot;:&quot;rgba(6, 39, 179, 1)&quot;,&quot;itemBg&quot;:&quot;rgba(6, 39, 179, 1)&quot;,&quot;itemColor&quot;:&quot;#ffffff&quot;,&quot;itemTypo&quot;:{&quot;fontSize&quot;:{&quot;desktop&quot;:18,&quot;tablet&quot;:14,&quot;mobile&quot;:14},&quot;fontFamily&quot;:&quot;Nunito&quot;,&quot;fontCategory&quot;:&quot;sans-serif&quot;,&quot;fontWeight&quot;:400,&quot;fontVariant&quot;:400,&quot;isUploadFont&quot;:false},&quot;labelTypo&quot;:{&quot;fontSize&quot;:{&quot;desktop&quot;:40,&quot;tablet&quot;:16,&quot;mobile&quot;:16},&quot;fontFamily&quot;:&quot;Nunito&quot;,&quot;fontCategory&quot;:&quot;sans-serif&quot;,&quot;fontWeight&quot;:700,&quot;fontVariant&quot;:&quot;700&quot;},&quot;align&quot;:&quot;&quot;,&quot;itemPosition&quot;:&quot;right&quot;,&quot;startIndex&quot;:1,&quot;vigibleItems&quot;:4,&quot;moveItem&quot;:2,&quot;verticalTrigger&quot;:&quot;150px&quot;,&quot;rtlMode&quot;:false,&quot;barBackground&quot;:&quot;#dddddd&quot;,&quot;horizontalDatePosition&quot;:&quot;bottom&quot;,&quot;itemBorder&quot;:{&quot;width&quot;:&quot;1px&quot;,&quot;color&quot;:&quot;#cccccc&quot;},&quot;contentBorder&quot;:{&quot;width&quot;:&quot;1px&quot;,&quot;style&quot;:&quot;solid&quot;,&quot;color&quot;:&quot;#72aee6&quot;},&quot;labelColor&quot;:&quot;#222222&quot;,&quot;theme&quot;:&quot;default&quot;,&quot;timelineBar&quot;:{&quot;width&quot;:&quot;3px&quot;,&quot;dotSize&quot;:20,&quot;progressBarbgColor&quot;:{&quot;color&quot;:&quot;linear-gradient(to bottom, #ff6a00, #ee0979)&quot;}},&quot;dateStyles&quot;:{&quot;dateTypo&quot;:{&quot;fontSize&quot;:{&quot;desktop&quot;:14,&quot;tablet&quot;:14,&quot;mobile&quot;:14}},&quot;dateColor&quot;:&quot;black&quot;,&quot;dateContainerSize&quot;:50,&quot;dateBg&quot;:{&quot;color&quot;:&quot;#06b6d4&quot;}},&quot;iconStyles&quot;:{&quot;iconColor&quot;:&quot;orangered&quot;,&quot;iconColorHover&quot;:&quot;red&quot;,&quot;iconSize&quot;:40,&quot;iconContainerSize&quot;:40,&quot;background&quot;:{&quot;normal&quot;:{&quot;color&quot;:&quot;white&quot;},&quot;hover&quot;:{&quot;color&quot;:&quot;red&quot;}},&quot;borderControl&quot;:{&quot;width&quot;:&quot;1px&quot;,&quot;color&quot;:&quot;rgba(18, 235, 195, 1)&quot;,&quot;style&quot;:&quot;inset&quot;},&quot;iconBorderHover&quot;:&quot;1px solid #efefef&quot;},&quot;theme8CardBorder&quot;:{&quot;width&quot;:&quot;3px&quot;,&quot;style&quot;:&quot;solid&quot;,&quot;color&quot;:&quot;#111111&quot;},&quot;theme8CardShadow&quot;:{&quot;offsetX&quot;:5,&quot;offsetY&quot;:5,&quot;color&quot;:&quot;#111111&quot;},&quot;theme8Animation&quot;:{&quot;enabled&quot;:true,&quot;type&quot;:&quot;slide-up&quot;,&quot;duration&quot;:600,&quot;delay&quot;:120},&quot;theme3Animation&quot;:{&quot;enabled&quot;:true,&quot;type&quot;:&quot;slide-up&quot;,&quot;duration&quot;:600,&quot;delay&quot;:120},&quot;theme5Animation&quot;:{&quot;enabled&quot;:true,&quot;type&quot;:&quot;slide-up&quot;,&quot;duration&quot;:600,&quot;delay&quot;:120},&quot;theme4Animation&quot;:{&quot;enabled&quot;:true,&quot;type&quot;:&quot;slide-up&quot;,&quot;duration&quot;:600,&quot;delay&quot;:120},&quot;accordionAnimation&quot;:{&quot;enabled&quot;:true,&quot;type&quot;:&quot;slide-up&quot;,&quot;duration&quot;:600,&quot;delay&quot;:120},&quot;theme9Animation&quot;:{&quot;enabled&quot;:true,&quot;type&quot;:&quot;slide-up&quot;,&quot;duration&quot;:600,&quot;delay&quot;:120},&quot;theme9CenturyStyles&quot;:{&quot;color&quot;:&quot;#ffffff&quot;,&quot;bg&quot;:&quot;#1a1a1a&quot;,&quot;borderColor&quot;:&quot;#ffffff&quot;,&quot;borderWidth&quot;:4,&quot;borderRadius&quot;:50,&quot;centuryTypo&quot;:{&quot;fontSize&quot;:{&quot;desktop&quot;:24,&quot;tablet&quot;:24,&quot;mobile&quot;:20}}},&quot;TrpContentRestriction&quot;:{&quot;restriction_type&quot;:&quot;exclude&quot;,&quot;selected_languages&quot;:[],&quot;panel_open&quot;:true}}'><\/div>\n\n\n<div style=\"height:50px\" aria-hidden=\"true\" class=\"wp-block-spacer\"><\/div>\n\n\n\n<h2 class=\"wp-block-heading has-text-align-center\" style=\"margin-top:var(--wp--preset--spacing--70);margin-bottom:var(--wp--preset--spacing--70);font-size:40px\">Notre savoir-faire<\/h2>\n\n\n\n<div style=\"text-align:center;padding:0 20%\"><p>Nos techniciens \u00e0 l\u2019\u00e9coute de vos besoins d\u00e9veloppent et fabriquent les articles selon vos exigences.<\/p>\n<p>Nous mettons \u00e0 votre disposition notre exp\u00e9rience et notre expertise afin de vous proposer des solutions des produits finis et semi finis.<\/p><\/div>\n\n\n\n<div class=\"wp-block-columns is-layout-flex wp-container-core-columns-is-layout-9d6595d7 wp-block-columns-is-layout-flex\">\n<div class=\"wp-block-column is-layout-flow wp-block-column-is-layout-flow\"><div class=\"wp-block-image\">\n<figure class=\"aligncenter size-full\"><img loading=\"lazy\" decoding=\"async\" width=\"442\" height=\"460\" src=\"https:\/\/audeo.com.tn\/wp2\/wp-content\/uploads\/2024\/09\/savoir-faire-audeo.jpg\" alt=\"Savoir-faire\" class=\"wp-image-511\" srcset=\"https:\/\/audeo.com.tn\/wp2\/wp-content\/uploads\/2024\/09\/savoir-faire-audeo.jpg 442w, https:\/\/audeo.com.tn\/wp2\/wp-content\/uploads\/2024\/09\/savoir-faire-audeo-288x300.jpg 288w\" sizes=\"auto, (max-width: 442px) 100vw, 442px\" \/><\/figure>\n<\/div><\/div>\n\n\n\n<div class=\"wp-block-column is-vertically-aligned-center is-layout-flow wp-block-column-is-layout-flow\">\n<p>\u2192 Tressage rigide et \u00e9lastique de 3 \u00e0 97 fuseaux<br>\u2192 Tissage uni et jacquard, rigide et \u00e9lastique de 5 \u00e0 140 mm<br>\u2192 Crochetage rigide et \u00e9lastique de 5 \u00e0 140 mm<br>\u2192 C\u00e2blage rigide<br>\u2192 Tricotage rigide et \u00e9lastique, d\u00e9maillable et semi-d\u00e9maillable<br>\u2192 Traitement d\u2019appr\u00eat (Antifeu, stabilit\u00e9 lavage\u2026.)<br>\u2192 Coupe \u00e0 chaud, \u00e0 froid<br>\u2192 Soudure et coupe ultrason<br>\u2192 Pose d\u2019embout cellulo, m\u00e9tallique, plastique<br>\u2192 Couture<br>\u2192 S\u00e9rigraphie<br>\u2192 Montage manuel<br>\u2192 Conditionnement<br>\u2192 D\u00e9veloppement de nouveaux articles<\/p>\n<\/div>\n<\/div>\n\n\n\n<h2 class=\"wp-block-heading has-text-align-center\" style=\"margin-top:var(--wp--preset--spacing--70);margin-bottom:var(--wp--preset--spacing--70);font-size:40px\">Nos atouts<\/h2>\n\n\n\n<div class=\"wp-block-columns are-vertically-aligned-center is-layout-flex wp-container-core-columns-is-layout-9d6595d7 wp-block-columns-is-layout-flex\">\n<div class=\"wp-block-column is-vertically-aligned-center is-layout-flow wp-block-column-is-layout-flow\">\n<div class=\"wp-block-columns are-vertically-aligned-center is-layout-flex wp-container-core-columns-is-layout-9d6595d7 wp-block-columns-is-layout-flex\">\n<div class=\"wp-block-column is-vertically-aligned-center is-layout-flow wp-block-column-is-layout-flow\" style=\"flex-basis:2%\">\n<i class=\"fa-regular fa-lightbulb\" style=\"font-size:40px; color:#0627B3\"><\/i>\n<\/div>\n\n\n\n<div class=\"wp-block-column is-vertically-aligned-center is-layout-flow wp-block-column-is-layout-flow\" style=\"flex-basis:98%\">\n<p>R\u00e9activit\u00e9<\/p>\n<\/div>\n<\/div>\n\n\n\n<div class=\"wp-block-columns are-vertically-aligned-center is-layout-flex wp-container-core-columns-is-layout-9d6595d7 wp-block-columns-is-layout-flex\">\n<div class=\"wp-block-column is-vertically-aligned-center is-layout-flow wp-block-column-is-layout-flow\" style=\"flex-basis:2%\">\n<i class=\"fa-solid fa-lightbulb\" style=\"font-size:40px; color:#0627B3\"><\/i>\n<\/div>\n\n\n\n<div class=\"wp-block-column is-vertically-aligned-center is-layout-flow wp-block-column-is-layout-flow\" style=\"flex-basis:98%\">\n<p>Performance technique<\/p>\n<\/div>\n<\/div>\n\n\n\n<div class=\"wp-block-columns are-vertically-aligned-center is-layout-flex wp-container-core-columns-is-layout-9d6595d7 wp-block-columns-is-layout-flex\">\n<div class=\"wp-block-column is-vertically-aligned-center is-layout-flow wp-block-column-is-layout-flow\" style=\"flex-basis:2%\">\n<i class=\"fa-regular fa-lightbulb\" style=\"font-size:40px; color:#0627B3\"><\/i>\n<\/div>\n\n\n\n<div class=\"wp-block-column is-vertically-aligned-center is-layout-flow wp-block-column-is-layout-flow\" style=\"flex-basis:98%\">\n<p>Flexibilit\u00e9 et capacit\u00e9 de production<\/p>\n<\/div>\n<\/div>\n\n\n\n<div class=\"wp-block-columns are-vertically-aligned-center is-layout-flex wp-container-core-columns-is-layout-9d6595d7 wp-block-columns-is-layout-flex\">\n<div class=\"wp-block-column is-vertically-aligned-center is-layout-flow wp-block-column-is-layout-flow\" style=\"flex-basis:2%\">\n<i class=\"fa-solid fa-lightbulb\" style=\"font-size:40px; color:#0627B3\"><\/i>\n<\/div>\n\n\n\n<div class=\"wp-block-column is-vertically-aligned-center is-layout-flow wp-block-column-is-layout-flow\" style=\"flex-basis:98%\">\n<p>Une offre compl\u00e8te adapt\u00e9e \u00e0 vos besoins<\/p>\n<\/div>\n<\/div>\n\n\n\n<div class=\"wp-block-columns are-vertically-aligned-center is-layout-flex wp-container-core-columns-is-layout-9d6595d7 wp-block-columns-is-layout-flex\">\n<div class=\"wp-block-column is-vertically-aligned-center is-layout-flow wp-block-column-is-layout-flow\" style=\"flex-basis:2%\">\n<i class=\"fa-regular fa-lightbulb\" style=\"font-size:40px; color:#0627B3\"><\/i>\n<\/div>\n\n\n\n<div class=\"wp-block-column is-vertically-aligned-center is-layout-flow wp-block-column-is-layout-flow\" style=\"flex-basis:98%\">\n<p>Produits certifi\u00e9s<\/p>\n<\/div>\n<\/div>\n<\/div>\n\n\n\n<div class=\"wp-block-column is-vertically-aligned-center is-layout-flow wp-block-column-is-layout-flow\"><div class=\"wp-block-image\">\n<figure class=\"aligncenter size-full\"><img loading=\"lazy\" decoding=\"async\" width=\"1024\" height=\"683\" src=\"https:\/\/audeo.com.tn\/wp2\/wp-content\/uploads\/2024\/09\/atouts-audeo.jpg\" alt=\"Atouts Aud\u00e9o\" class=\"wp-image-486\" srcset=\"https:\/\/audeo.com.tn\/wp2\/wp-content\/uploads\/2024\/09\/atouts-audeo.jpg 1024w, https:\/\/audeo.com.tn\/wp2\/wp-content\/uploads\/2024\/09\/atouts-audeo-300x200.jpg 300w, https:\/\/audeo.com.tn\/wp2\/wp-content\/uploads\/2024\/09\/atouts-audeo-768x512.jpg 768w, https:\/\/audeo.com.tn\/wp2\/wp-content\/uploads\/2024\/09\/atouts-audeo-600x400.jpg 600w\" sizes=\"auto, (max-width: 1024px) 100vw, 1024px\" \/><\/figure>\n<\/div><\/div>\n<\/div>\n\n\n\n<h2 class=\"wp-block-heading has-text-align-center\" style=\"margin-top:var(--wp--preset--spacing--70);margin-right:0;margin-bottom:var(--wp--preset--spacing--70);margin-left:0;font-size:40px\">Nos valeurs<\/h2>\n\n\n\n<div style=\"text-align:center; padding:0 20%; font-style: italic;\">\n<p>\u00ab L\u2019entreprise est \u00e9lue tous les jours par ses clients. \u00bb<br>\n\u00ab Les deux choses les plus importantes n\u2019apparaissent pas au bilan de l\u2019entreprise : sa r\u00e9putation et ses Hommes. \u00bb<\/p>\n<\/div>\n\n\n\n<div class=\"wp-block-columns is-layout-flex wp-container-core-columns-is-layout-9d6595d7 wp-block-columns-is-layout-flex\">\n<div class=\"wp-block-column is-layout-flow wp-block-column-is-layout-flow\"><div class=\"wp-block-image\">\n<figure class=\"aligncenter size-large\"><img loading=\"lazy\" decoding=\"async\" width=\"754\" height=\"1024\" src=\"https:\/\/audeo.com.tn\/wp2\/wp-content\/uploads\/2024\/09\/confiance-audeo-754x1024.jpg\" alt=\"\" class=\"wp-image-509\" srcset=\"https:\/\/audeo.com.tn\/wp2\/wp-content\/uploads\/2024\/09\/confiance-audeo-754x1024.jpg 754w, https:\/\/audeo.com.tn\/wp2\/wp-content\/uploads\/2024\/09\/confiance-audeo-221x300.jpg 221w, https:\/\/audeo.com.tn\/wp2\/wp-content\/uploads\/2024\/09\/confiance-audeo-768x1043.jpg 768w, https:\/\/audeo.com.tn\/wp2\/wp-content\/uploads\/2024\/09\/confiance-audeo-1131x1536.jpg 1131w, https:\/\/audeo.com.tn\/wp2\/wp-content\/uploads\/2024\/09\/confiance-audeo-600x815.jpg 600w, https:\/\/audeo.com.tn\/wp2\/wp-content\/uploads\/2024\/09\/confiance-audeo.jpg 1200w\" sizes=\"auto, (max-width: 754px) 100vw, 754px\" \/><\/figure>\n<\/div><\/div>\n\n\n\n<div class=\"wp-block-column is-vertically-aligned-center is-layout-flow wp-block-column-is-layout-flow\">\n<h3 class=\"wp-block-heading has-text-color has-link-color wp-elements-44aa1d6f56589bd138a7ed953e6d1f17\" style=\"color:#0627b3\">\u2013 La Confiance :<\/h3>\n\n\n\n<p>Nous agissons avec honn\u00eatet\u00e9 et un sens aigu des responsabilit\u00e9s. Les relations que nous entretenons avec nos clients, nos investisseurs, nos unit\u00e9s d\u2019affaires et nos collaborateurs s\u2019inscrivent dans un esprit de partenariat \u00e0 long terme, \u00e9quitable et \u00e9quilibr\u00e9. Nous respectons notre parole.<\/p>\n\n\n\n<h3 class=\"wp-block-heading has-text-color has-link-color wp-elements-5aa115b667c8c066474b127f64fb8946\" style=\"color:#0627b3\">\u2013 Le Dynamisme :<\/h3>\n\n\n\n<p>Nous pensons comme une entreprise moderne et tourn\u00e9e vers l\u2019avenir. Nous d\u00e9finissons de nouvelles voies et des solutions novatrices en parlant avec nos partenaires. Nous sommes efficaces, d\u00e9termin\u00e9s et pr\u00e9voyants.<\/p>\n\n\n\n<h3 class=\"wp-block-heading has-text-color has-link-color wp-elements-7bbf32ad81514b585ddaa9a9539ab283\" style=\"color:#0627b3\">\u2013 La Responsabilit\u00e9 :<\/h3>\n\n\n\n<p>Aud\u00e9o s\u2019engage \u00e0 prendre des d\u00e9cisions raisonn\u00e9es et r\u00e9alisables. Elle fait preuve de coh\u00e9rence dans ses discours et ses actes.<\/p>\n\n\n\n<h3 class=\"wp-block-heading has-text-color has-link-color wp-elements-87b8693fd77e8fe38b0e4d492a69b900\" style=\"color:#0627b3\">\u2013 Le respect :<\/h3>\n\n\n\n<p>Aud\u00e9o s\u2019engage \u00e0 respecter et \u00e0 pr\u00e9server, dans ses activit\u00e9s et dans ses d\u00e9cisions, un \u00e9quilibre entre ses propres int\u00e9r\u00eats et ceux desdites parties prenantes. Elle m\u00e8ne dans ce but un dialogue ouvert et de bonne foi avec elles.<\/p>\n<\/div>\n<\/div>\n\n\n\n<h2 class=\"wp-block-heading has-text-align-center\" style=\"margin-top:var(--wp--preset--spacing--70);margin-bottom:var(--wp--preset--spacing--70);font-size:40px\">La qualit\u00e9<\/h2>\n\n\n\n<div class=\"wp-block-columns is-layout-flex wp-container-core-columns-is-layout-9d6595d7 wp-block-columns-is-layout-flex\">\n<div class=\"wp-block-column is-layout-flow wp-block-column-is-layout-flow\">\n<p class=\"has-text-align-left\">Aud\u00e9o s\u2019est dot\u00e9e d\u2019un service Qualit\u00e9 de fa\u00e7on \u00e0 toujours fournir un produit strictement conforme \u00e0 vos attentes et dans le cadre du respect de votre cahier des charges.<br><\/p>\n\n\n\n<p class=\"has-text-align-left\">Aud\u00e9o est certifi\u00e9e selon les r\u00e9f\u00e9rentiels <strong>ISO-9001 Version 2015<\/strong> et&nbsp;<strong>Oeko-Tex standard 100 cat\u00e9gorie I&nbsp;<\/strong>pour les articles b\u00e9b\u00e9. <\/p>\n\n\n\n<p class=\"has-text-align-left\">De plus tous nos fournisseurs sont&nbsp;<strong>certifi\u00e9s REACH<\/strong>.<\/p>\n<\/div>\n\n\n\n<div class=\"wp-block-column is-layout-flow wp-block-column-is-layout-flow\"><div class=\"wp-block-image is-style-default\">\n<figure class=\"aligncenter size-medium\"><a href=\"https:\/\/audeo.com.tn\/wp2\/wp-content\/uploads\/2025\/04\/certificat-oekotex-2025.jpg\"><img loading=\"lazy\" decoding=\"async\" width=\"211\" height=\"300\" src=\"https:\/\/audeo.com.tn\/wp2\/wp-content\/uploads\/2025\/04\/certificat-oekotex-2025-211x300.jpg\" alt=\"Oeko-Tex Standard 100 Classe 1\" class=\"wp-image-954\" srcset=\"https:\/\/audeo.com.tn\/wp2\/wp-content\/uploads\/2025\/04\/certificat-oekotex-2025-211x300.jpg 211w, https:\/\/audeo.com.tn\/wp2\/wp-content\/uploads\/2025\/04\/certificat-oekotex-2025-600x852.jpg 600w, https:\/\/audeo.com.tn\/wp2\/wp-content\/uploads\/2025\/04\/certificat-oekotex-2025.jpg 704w\" sizes=\"auto, (max-width: 211px) 100vw, 211px\" \/><\/a><\/figure>\n<\/div><\/div>\n<\/div>\n\n\n\n<h2 class=\"wp-block-heading has-text-align-center\" style=\"margin-top:var(--wp--preset--spacing--60);margin-bottom:var(--wp--preset--spacing--60);font-size:40px\">Nos partenaires<\/h2>\n\n\n\n<div class=\"wp-block-columns is-layout-flex wp-container-core-columns-is-layout-9d6595d7 wp-block-columns-is-layout-flex\">\n<div class=\"wp-block-column bloc-partenaire-hp is-layout-flow wp-block-column-is-layout-flow\"><div class=\"wp-block-image\">\n<figure class=\"aligncenter size-full\"><img loading=\"lazy\" decoding=\"async\" width=\"250\" height=\"250\" src=\"https:\/\/audeo.com.tn\/wp2\/wp-content\/uploads\/2024\/09\/vtl-logo.jpg\" alt=\"VTL Group\" class=\"wp-image-273\" srcset=\"https:\/\/audeo.com.tn\/wp2\/wp-content\/uploads\/2024\/09\/vtl-logo.jpg 250w, https:\/\/audeo.com.tn\/wp2\/wp-content\/uploads\/2024\/09\/vtl-logo-150x150.jpg 150w, https:\/\/audeo.com.tn\/wp2\/wp-content\/uploads\/2024\/09\/vtl-logo-100x100.jpg 100w\" sizes=\"auto, (max-width: 250px) 100vw, 250px\" \/><\/figure>\n<\/div><\/div>\n\n\n\n<div class=\"wp-block-column bloc-partenaire-hp is-layout-flow wp-block-column-is-layout-flow\"><div class=\"wp-block-image\">\n<figure class=\"aligncenter size-full\"><img loading=\"lazy\" decoding=\"async\" width=\"250\" height=\"250\" src=\"https:\/\/audeo.com.tn\/wp2\/wp-content\/uploads\/2024\/09\/logo8.jpg\" alt=\"TEXPRO\" class=\"wp-image-274\" srcset=\"https:\/\/audeo.com.tn\/wp2\/wp-content\/uploads\/2024\/09\/logo8.jpg 250w, https:\/\/audeo.com.tn\/wp2\/wp-content\/uploads\/2024\/09\/logo8-150x150.jpg 150w, https:\/\/audeo.com.tn\/wp2\/wp-content\/uploads\/2024\/09\/logo8-100x100.jpg 100w\" sizes=\"auto, (max-width: 250px) 100vw, 250px\" \/><\/figure>\n<\/div><\/div>\n\n\n\n<div class=\"wp-block-column bloc-partenaire-hp is-layout-flow wp-block-column-is-layout-flow\"><div class=\"wp-block-image\">\n<figure class=\"aligncenter size-full\"><img loading=\"lazy\" decoding=\"async\" width=\"250\" height=\"250\" src=\"https:\/\/audeo.com.tn\/wp2\/wp-content\/uploads\/2024\/09\/logo7.jpg\" alt=\"YOUSSTEX\" class=\"wp-image-275\" srcset=\"https:\/\/audeo.com.tn\/wp2\/wp-content\/uploads\/2024\/09\/logo7.jpg 250w, https:\/\/audeo.com.tn\/wp2\/wp-content\/uploads\/2024\/09\/logo7-150x150.jpg 150w, https:\/\/audeo.com.tn\/wp2\/wp-content\/uploads\/2024\/09\/logo7-100x100.jpg 100w\" sizes=\"auto, (max-width: 250px) 100vw, 250px\" \/><\/figure>\n<\/div><\/div>\n\n\n\n<div class=\"wp-block-column bloc-partenaire-hp is-layout-flow wp-block-column-is-layout-flow\"><div class=\"wp-block-image\">\n<figure class=\"aligncenter size-full\"><img loading=\"lazy\" decoding=\"async\" width=\"200\" height=\"200\" src=\"https:\/\/audeo.com.tn\/wp2\/wp-content\/uploads\/2024\/09\/download.jpg\" alt=\"\" class=\"wp-image-276\" srcset=\"https:\/\/audeo.com.tn\/wp2\/wp-content\/uploads\/2024\/09\/download.jpg 200w, https:\/\/audeo.com.tn\/wp2\/wp-content\/uploads\/2024\/09\/download-150x150.jpg 150w, https:\/\/audeo.com.tn\/wp2\/wp-content\/uploads\/2024\/09\/download-100x100.jpg 100w\" sizes=\"auto, (max-width: 200px) 100vw, 200px\" \/><\/figure>\n<\/div><\/div>\n\n\n\n<div class=\"wp-block-column bloc-partenaire-hp is-layout-flow wp-block-column-is-layout-flow\"><div class=\"wp-block-image\">\n<figure class=\"aligncenter size-full\"><img loading=\"lazy\" decoding=\"async\" width=\"250\" height=\"250\" src=\"https:\/\/audeo.com.tn\/wp2\/wp-content\/uploads\/2024\/09\/logo6.jpg\" alt=\"SARTEX\" class=\"wp-image-277\" srcset=\"https:\/\/audeo.com.tn\/wp2\/wp-content\/uploads\/2024\/09\/logo6.jpg 250w, https:\/\/audeo.com.tn\/wp2\/wp-content\/uploads\/2024\/09\/logo6-150x150.jpg 150w, https:\/\/audeo.com.tn\/wp2\/wp-content\/uploads\/2024\/09\/logo6-100x100.jpg 100w\" sizes=\"auto, (max-width: 250px) 100vw, 250px\" \/><\/figure>\n<\/div><\/div>\n\n\n\n<div class=\"wp-block-column bloc-partenaire-hp is-layout-flow wp-block-column-is-layout-flow\"><div class=\"wp-block-image\">\n<figure class=\"aligncenter size-full\"><img loading=\"lazy\" decoding=\"async\" width=\"250\" height=\"250\" src=\"https:\/\/audeo.com.tn\/wp2\/wp-content\/uploads\/2024\/09\/logo2.jpg\" alt=\"Denim Authority\" class=\"wp-image-278\" srcset=\"https:\/\/audeo.com.tn\/wp2\/wp-content\/uploads\/2024\/09\/logo2.jpg 250w, https:\/\/audeo.com.tn\/wp2\/wp-content\/uploads\/2024\/09\/logo2-150x150.jpg 150w, https:\/\/audeo.com.tn\/wp2\/wp-content\/uploads\/2024\/09\/logo2-100x100.jpg 100w\" sizes=\"auto, (max-width: 250px) 100vw, 250px\" \/><\/figure>\n<\/div><\/div>\n<\/div>\n","protected":false},"excerpt":{"rendered":"<p>Qui sommes-nous La soci\u00e9t\u00e9 Aud\u00e9o cr\u00e9e en 2005 est sp\u00e9cialis\u00e9e dans la fabrication de textile \u00e9troit, nous fabriquons et commercialisons des articles tress\u00e9s et tiss\u00e9s \u00e9lastiques et rigides de type rubans, galons, sangles, cordons, tresses, c\u00e2bl\u00e9, tricotine\u2026 Aud\u00e9o met \u00e0 disposition une \u00e9quipe de personnes r\u00e9actives et exp\u00e9riment\u00e9es, afin de r\u00e9pondre \u00e0 tous vos besoins&hellip;<\/p>","protected":false},"author":1,"featured_media":0,"parent":0,"menu_order":0,"comment_status":"closed","ping_status":"closed","template":"templates\/template-no-sidebar.php","meta":{"_acf_changed":false,"footnotes":""},"class_list":["post-420","page","type-page","status-publish","hentry"],"acf":[],"aioseo_notices":[],"_links":{"self":[{"href":"https:\/\/audeo.com.tn\/en\/wp-json\/wp\/v2\/pages\/420","targetHints":{"allow":["GET"]}}],"collection":[{"href":"https:\/\/audeo.com.tn\/en\/wp-json\/wp\/v2\/pages"}],"about":[{"href":"https:\/\/audeo.com.tn\/en\/wp-json\/wp\/v2\/types\/page"}],"author":[{"embeddable":true,"href":"https:\/\/audeo.com.tn\/en\/wp-json\/wp\/v2\/users\/1"}],"replies":[{"embeddable":true,"href":"https:\/\/audeo.com.tn\/en\/wp-json\/wp\/v2\/comments?post=420"}],"version-history":[{"count":86,"href":"https:\/\/audeo.com.tn\/en\/wp-json\/wp\/v2\/pages\/420\/revisions"}],"predecessor-version":[{"id":1045,"href":"https:\/\/audeo.com.tn\/en\/wp-json\/wp\/v2\/pages\/420\/revisions\/1045"}],"wp:attachment":[{"href":"https:\/\/audeo.com.tn\/en\/wp-json\/wp\/v2\/media?parent=420"}],"curies":[{"name":"wp","href":"https:\/\/api.w.org\/{rel}","templated":true}]}}