{"id":3,"date":"2024-07-18T16:50:25","date_gmt":"2024-07-18T14:50:25","guid":{"rendered":"http:\/\/audeo.com.tn\/wp2\/?page_id=3"},"modified":"2025-05-21T16:00:30","modified_gmt":"2025-05-21T14:00:30","slug":"politique-de-confidentialite","status":"publish","type":"page","link":"https:\/\/audeo.com.tn\/en\/politique-de-confidentialite\/","title":{"rendered":"Privacy policy"},"content":{"rendered":"<h1 class=\"wp-block-heading has-text-align-center\">Privacy policy<\/h1>\n\n\n\n<h2 class=\"wp-block-heading\" style=\"font-size:30px\">Qui sommes-nous&nbsp;?<\/h2>\n\n\n\n<p>Le site web audeo.com.tn est le site officiel de la soci\u00e9t\u00e9 Aud\u00e9o, install\u00e9e \u00e0 Monastir, en Tunisie<\/p>\n\n\n\n<h2 class=\"wp-block-heading\" style=\"font-size:30px\">Collecte de donn\u00e9es personnelles<\/h2>\n\n\n\n<p><strong>Formulaire de contact<\/strong><\/p>\n\n\n\n<p>Nous collectons des donn\u00e9es par le biais de notre formulaire de contact, dans le cadre de la demande qui est formul\u00e9e (demande de devis, demande de renseignement, r\u00e9clamation\u2026). Ces donn\u00e9es concernent :<\/p>\n\n\n\n<ul class=\"wp-block-list\">\n<li>Nom, soci\u00e9t\u00e9 : informations permettant de vous identifier<\/li>\n\n\n\n<li>Email, num\u00e9ro de t\u00e9l\u00e9phone : informations permettant de vous contacter<\/li>\n<\/ul>\n\n\n\n<p><strong>Contenu embarqu\u00e9 depuis d\u2019autres sites<\/strong><\/p>\n\n\n\n<p>Les articles de ce site peuvent inclure des contenus int\u00e9gr\u00e9s (par exemple des vid\u00e9os, images, cartes\u2026). Le contenu int\u00e9gr\u00e9 depuis d\u2019autres sites se comporte de la m\u00eame mani\u00e8re que si le visiteur se rendait sur cet autre site.<\/p>\n\n\n\n<p>Ces sites web pourraient collecter des donn\u00e9es sur vous, utiliser des cookies, embarquer des outils de suivis tiers, suivre vos interactions avec ces contenus embarqu\u00e9s si vous disposez d\u2019un compte connect\u00e9 sur leur site web.<\/p>\n\n\n\n<p><strong>Statistiques et mesures d\u2019audience<\/strong><\/p>\n\n\n\n<p>Nous utilisons un outil de mesure d\u2019audience (Google Analytics), qui m\u00e9morise de fa\u00e7on anonyme la fa\u00e7on nous vous naviguez sur notre site web, en utilisant des Cookies. <\/p>\n\n\n\n<h2 class=\"wp-block-heading\" style=\"font-size:30px\">Utilisation et transmission de vos donn\u00e9es personnelles<\/h2>\n\n\n\n<p>Les donn\u00e9es personnelles transmises via le formulaire de contact sont utilis\u00e9es dans le cadre d\u2019une demande sp\u00e9cifique formul\u00e9e dans le formulaire (par exemple&nbsp;: demande de devis ou demande de renseignement).<\/p>\n\n\n\n<p>Elles sont enregistr\u00e9es dans notre base de donn\u00e9es \u00e0 des fins de prospection et d\u2019information, et de facturation de nos prestations.<\/p>\n\n\n\n<p>Elles peuvent \u00eatre transmises \u00e0 des transporteurs et transitaires dans le cadre de l\u2019ex\u00e9cution de votre prestation. Nous vous garantissons que vos donn\u00e9es ne sont pas transf\u00e9r\u00e9es \u00e0 d\u2019autres soci\u00e9t\u00e9s, en dehors de celles qui sont concern\u00e9es directement par la r\u00e9alisation de votre prestation.<\/p>\n\n\n\n<h2 class=\"wp-block-heading\" style=\"font-size:30px\">Dur\u00e9e de stockage de vos donn\u00e9es<\/h2>\n\n\n\n<p>Les donn\u00e9es relatives \u00e0 la prospection commerciale sont conserv\u00e9es durant un d\u00e9lai de 2 ans maximum, apr\u00e8s la fin de notre relation commerciale.<\/p>\n\n\n\n<p>Les donn\u00e9es de facturation et de commandes sont conserv\u00e9es selon les modalit\u00e9s pr\u00e9vues par la loi.<\/p>\n\n\n\n<h2 class=\"wp-block-heading\" style=\"font-size:30px\">Droits que vous avez sur vos donn\u00e9es<\/h2>\n\n\n\n<p>Conform\u00e9ment au RGPD (R\u00e8glement G\u00e9n\u00e9ral sur la Protection des Donn\u00e9es), vous avez la possibilit\u00e9 de r\u00e9aliser les actions suivantes :<\/p>\n\n\n\n<ul class=\"wp-block-list\">\n<li>Droit d\u2019acc\u00e8s : vous pouvez recevoir une copie des informations personnelles vous concernant et actuellement en notre possession<\/li>\n\n\n\n<li>Droit de rectification: vous pouvez demander la modification des informations personnelles erron\u00e9es ou obsol\u00e8tes actuellement en notre possession<\/li>\n\n\n\n<li>Droit d\u2019effacement : vous pouvez demander la suppression de vos donn\u00e9es (sous r\u00e9serve des restrictions impos\u00e9es par la loi, notamment dans le cadre de la facturation)<\/li>\n\n\n\n<li>Droit d\u2019opposition : vous pouvez \u00e0 tout moment vous opposer \u00e0 l\u2019utilisation de vos donn\u00e9es \u00e0 des fins de marketing direct<\/li>\n<\/ul>\n\n\n\n<p>Pour faire valoir vos droits, vous pouvez faire la demande via notre <a href=\"https:\/\/audeo.com.tn\/en\/contacts\/\">formulaire de contact<\/a>, ou nous adresser un courrier \u00e0 l\u2019adresse suivante :<\/p>\n\n\n\n<p class=\"has-text-align-center\">Audeo<br>Industrial zone Bouhjar<br>Monastir 5015<br>Tunisie<\/p>","protected":false},"excerpt":{"rendered":"<p>Politique de confidentialit\u00e9 Qui sommes-nous&nbsp;? Le site web audeo.com.tn est le site officiel de la soci\u00e9t\u00e9 Aud\u00e9o, install\u00e9e \u00e0 Monastir, en Tunisie Collecte de donn\u00e9es personnelles Formulaire de contact Nous collectons des donn\u00e9es par le biais de notre formulaire de contact, dans le cadre de la demande qui est formul\u00e9e (demande de devis, demande de&hellip;<\/p>","protected":false},"author":1,"featured_media":0,"parent":0,"menu_order":0,"comment_status":"closed","ping_status":"open","template":"templates\/template-no-sidebar.php","meta":{"_acf_changed":false,"footnotes":""},"class_list":["post-3","page","type-page","status-publish","hentry"],"acf":[],"aioseo_notices":[],"_links":{"self":[{"href":"https:\/\/audeo.com.tn\/en\/wp-json\/wp\/v2\/pages\/3","targetHints":{"allow":["GET"]}}],"collection":[{"href":"https:\/\/audeo.com.tn\/en\/wp-json\/wp\/v2\/pages"}],"about":[{"href":"https:\/\/audeo.com.tn\/en\/wp-json\/wp\/v2\/types\/page"}],"author":[{"embeddable":true,"href":"https:\/\/audeo.com.tn\/en\/wp-json\/wp\/v2\/users\/1"}],"replies":[{"embeddable":true,"href":"https:\/\/audeo.com.tn\/en\/wp-json\/wp\/v2\/comments?post=3"}],"version-history":[{"count":6,"href":"https:\/\/audeo.com.tn\/en\/wp-json\/wp\/v2\/pages\/3\/revisions"}],"predecessor-version":[{"id":1055,"href":"https:\/\/audeo.com.tn\/en\/wp-json\/wp\/v2\/pages\/3\/revisions\/1055"}],"wp:attachment":[{"href":"https:\/\/audeo.com.tn\/en\/wp-json\/wp\/v2\/media?parent=3"}],"curies":[{"name":"wp","href":"https:\/\/api.w.org\/{rel}","templated":true}]}}