{"id":296,"date":"2024-09-18T15:28:07","date_gmt":"2024-09-18T13:28:07","guid":{"rendered":"https:\/\/audeo.com.tn\/wp2\/?page_id=296"},"modified":"2025-05-20T16:03:28","modified_gmt":"2025-05-20T14:03:28","slug":"services","status":"publish","type":"page","link":"https:\/\/audeo.com.tn\/en\/services\/","title":{"rendered":"Our services"},"content":{"rendered":"<div class=\"wp-block-columns is-layout-flex wp-container-core-columns-is-layout-fe7ff7bd wp-block-columns-is-layout-flex\" style=\"margin-top:0px;margin-bottom:0px;padding-top:0px;padding-right:0px;padding-left:0px\">\n<div class=\"wp-block-column is-vertically-aligned-center is-layout-flow wp-block-column-is-layout-flow\" style=\"padding-top:70px;padding-right:70px;padding-bottom:70px;padding-left:70px\" id=\"coupe\">\n<h2 class=\"wp-block-heading h2-service\">Hot and cold cutting<\/h2>\n\n\n\n<p>Aud\u00e9o offers solutions for all its customers who want to produce high-quality hot or cold cuts using professional machines.<\/p>\n<\/div>\n\n\n\n<div class=\"wp-block-column is-vertically-aligned-stretch is-layout-flow wp-block-column-is-layout-flow\" style=\"padding-right:0px;padding-left:0px;flex-basis:570px\"><div class=\"wp-block-image\">\n<figure class=\"aligncenter size-full\"><img loading=\"lazy\" decoding=\"async\" width=\"720\" height=\"500\" src=\"https:\/\/audeo.com.tn\/wp2\/wp-content\/uploads\/2024\/09\/Coupe-a-chaud-et-a-froid.jpg\" alt=\"Coupe \u00e0 chaud et \u00e0 froid\" class=\"wp-image-311\" style=\"object-fit:cover\" srcset=\"https:\/\/audeo.com.tn\/wp2\/wp-content\/uploads\/2024\/09\/Coupe-a-chaud-et-a-froid.jpg 720w, https:\/\/audeo.com.tn\/wp2\/wp-content\/uploads\/2024\/09\/Coupe-a-chaud-et-a-froid-300x208.jpg 300w, https:\/\/audeo.com.tn\/wp2\/wp-content\/uploads\/2024\/09\/Coupe-a-chaud-et-a-froid-600x417.jpg 600w\" sizes=\"auto, (max-width: 720px) 100vw, 720px\" \/><\/figure>\n<\/div><\/div>\n<\/div>\n\n\n\n<div class=\"wp-block-columns is-layout-flex wp-container-core-columns-is-layout-14552f56 wp-block-columns-is-layout-flex\" style=\"margin-top:0px;margin-bottom:0px\">\n<div class=\"wp-block-column is-vertically-aligned-stretch is-layout-flow wp-block-column-is-layout-flow\" style=\"flex-basis:570px\"><div class=\"wp-block-image\">\n<figure class=\"aligncenter size-full\"><img decoding=\"async\" src=\"https:\/\/audeo.com.tn\/wp2\/wp-content\/uploads\/2024\/09\/Soudure-et-coupe-ultrason.jpg\" alt=\"Soudure et coupe \u00e0 ultrason\" class=\"wp-image-318\" style=\"object-fit:cover\"\/><\/figure>\n<\/div><\/div>\n\n\n\n<div class=\"wp-block-column is-vertically-aligned-center is-layout-flow wp-block-column-is-layout-flow\" style=\"padding-top:70px;padding-right:70px;padding-bottom:70px;padding-left:70px\" id=\"soudure\">\n<h2 class=\"wp-block-heading h2-service\">Ultrasonic welding and cutting<\/h2>\n\n\n\n<p>Aud\u00e9o uses professional machines to produce high-quality ultrasonic welds and cuts on all types of cord, textile braid and ribbon.<\/p>\n<\/div>\n<\/div>\n\n\n\n<div class=\"wp-block-columns is-layout-flex wp-container-core-columns-is-layout-6a0a47ed wp-block-columns-is-layout-flex\" style=\"margin-top:0px;margin-bottom:0px\">\n<div class=\"wp-block-column is-vertically-aligned-center is-layout-flow wp-block-column-is-layout-flow\" style=\"padding-top:70px;padding-right:70px;padding-bottom:70px;padding-left:70px\" id=\"couture\">\n<h2 class=\"wp-block-heading h2-service\">Sewing<\/h2>\n\n\n\n<p>Aud\u00e9o uses professional sewing machines to assemble two or more parts, such as bra extensions.<\/p>\n<\/div>\n\n\n\n<div class=\"wp-block-column is-vertically-aligned-stretch is-layout-flow wp-block-column-is-layout-flow\" style=\"padding-right:0px;padding-left:0px;flex-basis:570px\">\n<figure class=\"wp-block-image size-full\"><img loading=\"lazy\" decoding=\"async\" width=\"720\" height=\"500\" src=\"https:\/\/audeo.com.tn\/wp2\/wp-content\/uploads\/2024\/09\/couture.jpg\" alt=\"Couture\" class=\"wp-image-353\" style=\"object-fit:cover\" srcset=\"https:\/\/audeo.com.tn\/wp2\/wp-content\/uploads\/2024\/09\/couture.jpg 720w, https:\/\/audeo.com.tn\/wp2\/wp-content\/uploads\/2024\/09\/couture-300x208.jpg 300w, https:\/\/audeo.com.tn\/wp2\/wp-content\/uploads\/2024\/09\/couture-600x417.jpg 600w\" sizes=\"auto, (max-width: 720px) 100vw, 720px\" \/><\/figure>\n<\/div>\n<\/div>\n\n\n\n<div class=\"wp-block-columns is-layout-flex wp-container-core-columns-is-layout-6a0a47ed wp-block-columns-is-layout-flex\" style=\"margin-top:0px;margin-bottom:0px\">\n<div class=\"wp-block-column is-vertically-aligned-stretch is-layout-flow wp-block-column-is-layout-flow\" style=\"flex-basis:570px\">\n<figure class=\"wp-block-image size-full\"><img loading=\"lazy\" decoding=\"async\" width=\"720\" height=\"500\" src=\"https:\/\/audeo.com.tn\/wp2\/wp-content\/uploads\/2024\/09\/embouts.jpg\" alt=\"Embouts plastiques et m\u00e9talliques\" class=\"wp-image-356\" style=\"object-fit:cover\" srcset=\"https:\/\/audeo.com.tn\/wp2\/wp-content\/uploads\/2024\/09\/embouts.jpg 720w, https:\/\/audeo.com.tn\/wp2\/wp-content\/uploads\/2024\/09\/embouts-300x208.jpg 300w, https:\/\/audeo.com.tn\/wp2\/wp-content\/uploads\/2024\/09\/embouts-600x417.jpg 600w\" sizes=\"auto, (max-width: 720px) 100vw, 720px\" \/><\/figure>\n<\/div>\n\n\n\n<div class=\"wp-block-column is-vertically-aligned-center is-layout-flow wp-block-column-is-layout-flow\" style=\"padding-top:70px;padding-right:70px;padding-bottom:70px;padding-left:70px\" id=\"pose\">\n<h2 class=\"wp-block-heading h2-service\">Fitting metal and plastic end caps<\/h2>\n\n\n\n<p>Aud\u00e9o installs metal or plastic end caps on braids and cords as required.<\/p>\n<\/div>\n<\/div>\n\n\n\n<div class=\"wp-block-columns is-layout-flex wp-container-core-columns-is-layout-8b45862e wp-block-columns-is-layout-flex\" style=\"margin-top:0px;margin-bottom:0px\">\n<div class=\"wp-block-column is-vertically-aligned-center is-layout-flow wp-block-column-is-layout-flow\" style=\"padding-top:70px;padding-right:70px;padding-bottom:70px;padding-left:70px\" id=\"montage\">\n<h2 class=\"wp-block-heading h2-service\">Manual assembly<\/h2>\n\n\n\n<p>Aud\u00e9o offers handmade items such as curtain accessories and trimmings.<\/p>\n<\/div>\n\n\n\n<div class=\"wp-block-column is-vertically-aligned-stretch is-layout-flow wp-block-column-is-layout-flow\" style=\"flex-basis:570px\">\n<figure class=\"wp-block-image size-full\"><img loading=\"lazy\" decoding=\"async\" width=\"720\" height=\"500\" src=\"https:\/\/audeo.com.tn\/wp2\/wp-content\/uploads\/2024\/09\/montage-manuel.jpg\" alt=\"Montage manuel\" class=\"wp-image-357\" style=\"object-fit:cover\" srcset=\"https:\/\/audeo.com.tn\/wp2\/wp-content\/uploads\/2024\/09\/montage-manuel.jpg 720w, https:\/\/audeo.com.tn\/wp2\/wp-content\/uploads\/2024\/09\/montage-manuel-300x208.jpg 300w, https:\/\/audeo.com.tn\/wp2\/wp-content\/uploads\/2024\/09\/montage-manuel-600x417.jpg 600w\" sizes=\"auto, (max-width: 720px) 100vw, 720px\" \/><\/figure>\n<\/div>\n<\/div>\n\n\n\n<div class=\"wp-block-columns is-layout-flex wp-container-core-columns-is-layout-8b45862e wp-block-columns-is-layout-flex\" style=\"margin-top:0px;margin-bottom:0px\">\n<div class=\"wp-block-column is-vertically-aligned-stretch is-layout-flow wp-block-column-is-layout-flow\" style=\"flex-basis:570px\">\n<figure class=\"wp-block-image size-full\"><img loading=\"lazy\" decoding=\"async\" width=\"720\" height=\"500\" src=\"https:\/\/audeo.com.tn\/wp2\/wp-content\/uploads\/2024\/09\/conditionnement.jpg\" alt=\"Conditionnement\" class=\"wp-image-358\" style=\"object-fit:cover\" srcset=\"https:\/\/audeo.com.tn\/wp2\/wp-content\/uploads\/2024\/09\/conditionnement.jpg 720w, https:\/\/audeo.com.tn\/wp2\/wp-content\/uploads\/2024\/09\/conditionnement-300x208.jpg 300w, https:\/\/audeo.com.tn\/wp2\/wp-content\/uploads\/2024\/09\/conditionnement-600x417.jpg 600w\" sizes=\"auto, (max-width: 720px) 100vw, 720px\" \/><\/figure>\n<\/div>\n\n\n\n<div class=\"wp-block-column is-vertically-aligned-center is-layout-flow wp-block-column-is-layout-flow\" style=\"padding-top:70px;padding-right:70px;padding-bottom:70px;padding-left:70px\">\n<h2 class=\"wp-block-heading h2-service\">Packaging<\/h2>\n\n\n\n<p>The products manufactured by Aud\u00e9o are packaged according to customer requirements. Aud\u00e9o offers several types of packaging: wafer, reel, board, container, english fold...<\/p>\n<\/div>\n<\/div>","protected":false},"excerpt":{"rendered":"<p>Couture, d\u00e9coupe, montage, pose d&#8217;embout : d\u00e9couvrez les finitions propos\u00e9s par notre atelier textile<\/p>","protected":false},"author":1,"featured_media":0,"parent":0,"menu_order":0,"comment_status":"closed","ping_status":"closed","template":"templates\/template-no-sidebar.php","meta":{"_acf_changed":false,"footnotes":""},"class_list":["post-296","page","type-page","status-publish","hentry"],"acf":[],"aioseo_notices":[],"_links":{"self":[{"href":"https:\/\/audeo.com.tn\/en\/wp-json\/wp\/v2\/pages\/296","targetHints":{"allow":["GET"]}}],"collection":[{"href":"https:\/\/audeo.com.tn\/en\/wp-json\/wp\/v2\/pages"}],"about":[{"href":"https:\/\/audeo.com.tn\/en\/wp-json\/wp\/v2\/types\/page"}],"author":[{"embeddable":true,"href":"https:\/\/audeo.com.tn\/en\/wp-json\/wp\/v2\/users\/1"}],"replies":[{"embeddable":true,"href":"https:\/\/audeo.com.tn\/en\/wp-json\/wp\/v2\/comments?post=296"}],"version-history":[{"count":76,"href":"https:\/\/audeo.com.tn\/en\/wp-json\/wp\/v2\/pages\/296\/revisions"}],"predecessor-version":[{"id":1050,"href":"https:\/\/audeo.com.tn\/en\/wp-json\/wp\/v2\/pages\/296\/revisions\/1050"}],"wp:attachment":[{"href":"https:\/\/audeo.com.tn\/en\/wp-json\/wp\/v2\/media?parent=296"}],"curies":[{"name":"wp","href":"https:\/\/api.w.org\/{rel}","templated":true}]}}