{"id":28,"date":"2024-07-19T14:47:58","date_gmt":"2024-07-19T12:47:58","guid":{"rendered":"https:\/\/audeo.com.tn\/wp2\/?page_id=28"},"modified":"2025-05-21T14:24:08","modified_gmt":"2025-05-21T12:24:08","slug":"accueil","status":"publish","type":"page","link":"https:\/\/audeo.com.tn\/en\/","title":{"rendered":"Homepage"},"content":{"rendered":"<div style=\"height:30px\" aria-hidden=\"true\" class=\"wp-block-spacer\"><\/div>\n\n\n\n<h1 class=\"wp-block-heading has-text-align-center has-black-color has-text-color has-link-color wp-elements-a0f741297fb69db62c7d14fcdd671108\" style=\"font-size:40px\">Tunisia braid and ribbon manufacturer<\/h1>\n\n\n\n<div style=\"height:20px\" aria-hidden=\"true\" class=\"wp-block-spacer\"><\/div>\n\n\n\n<div class=\"wp-block-columns is-layout-flex wp-container-core-columns-is-layout-9d6595d7 wp-block-columns-is-layout-flex\">\n<div class=\"wp-block-column is-layout-flow wp-block-column-is-layout-flow\"><div class=\"wp-block-image\">\n<figure class=\"aligncenter size-full\"><img loading=\"lazy\" decoding=\"async\" width=\"615\" height=\"410\" src=\"https:\/\/audeo.com.tn\/wp2\/wp-content\/uploads\/2024\/07\/Audeo-cover-presentation.jpg\" alt=\"Aud\u00e9o, tresses et rubans textiles\" class=\"wp-image-139\" srcset=\"https:\/\/audeo.com.tn\/wp2\/wp-content\/uploads\/2024\/07\/Audeo-cover-presentation.jpg 615w, https:\/\/audeo.com.tn\/wp2\/wp-content\/uploads\/2024\/07\/Audeo-cover-presentation-300x200.jpg 300w, https:\/\/audeo.com.tn\/wp2\/wp-content\/uploads\/2024\/07\/Audeo-cover-presentation-600x400.jpg 600w\" sizes=\"auto, (max-width: 615px) 100vw, 615px\" \/><\/figure>\n<\/div><\/div>\n\n\n\n<div class=\"wp-block-column is-layout-flow wp-block-column-is-layout-flow\">\n<h2 class=\"wp-block-heading\" style=\"font-size:32px;text-transform:uppercase\">Who are we ?<\/h2>\n\n\n\n<div style=\"height:20px\" aria-hidden=\"true\" class=\"wp-block-spacer\"><\/div>\n\n\n\n<p style=\"font-size:16px\">Aud\u00e9o, founded in 2005, specialises in the manufacture of narrow textiles. It manufactures and sells braided and woven elastic and rigid items such as ribbons, braids, straps, cords, braids, cables, knitted fabrics, etc. Aud\u00e9o has a team of experienced, responsive people on hand to meet all your specific needs. Our production is spread over 4,000 m2 and a manufacturing site with over 300 machines...<\/p>\n\n\n\n<div style=\"height:20px\" aria-hidden=\"true\" class=\"wp-block-spacer\"><\/div>\n\n\n\n<div class=\"wp-block-buttons is-layout-flex wp-block-buttons-is-layout-flex\">\n<div class=\"wp-block-button\"><a class=\"wp-block-button__link has-white-color has-text-color has-background has-link-color wp-element-button\" href=\"https:\/\/audeo.com.tn\/en\/entreprise\/\" style=\"border-radius:0px;background-color:#0627b3\">Read more  <i class=\"fa-solid fa-arrow-right\"><\/i><\/a><\/div>\n<\/div>\n<\/div>\n<\/div>\n\n\n\n<div class=\"wp-block-columns alignfull has-background is-layout-flex wp-container-core-columns-is-layout-9d6595d7 wp-block-columns-is-layout-flex\" style=\"background-color:#8b94a9\">\n<div class=\"wp-block-column blockdotted is-layout-flow wp-block-column-is-layout-flow\" style=\"flex-basis:1170px\">\n<div class=\"wp-block-columns is-layout-flex wp-container-core-columns-is-layout-9d6595d7 wp-block-columns-is-layout-flex\">\n<div class=\"wp-block-column is-layout-flow wp-block-column-is-layout-flow\">\n<p class=\"has-text-align-center has-white-color has-text-color has-link-color has-x-large-font-size wp-elements-bc627ebe69209d932ad931f646afff34\" style=\"font-style:normal;font-weight:700\">Why choose us ?<\/p>\n\n\n\n<div style=\"height:20px\" aria-hidden=\"true\" class=\"wp-block-spacer\"><\/div>\n\n\n\n<p class=\"has-text-align-center has-white-color has-text-color has-link-color wp-elements-6922fbd5f1550beb4b12482df1d620c4\" style=\"font-style:normal;font-weight:600\">Over 15 years in business, our technical expertise<br>&nbsp; is recognised in a wide range of sectors (decoration, textiles, medical, industry, etc.).<\/p>\n\n\n\n<div style=\"height:20px\" aria-hidden=\"true\" class=\"wp-block-spacer\"><\/div>\n\n\n\n<div class=\"wp-block-buttons is-content-justification-center is-layout-flex wp-container-core-buttons-is-layout-16018d1d wp-block-buttons-is-layout-flex\">\n<div class=\"wp-block-button is-style-outline is-style-outline--1\"><a class=\"wp-block-button__link has-text-color has-link-color wp-element-button\" href=\"https:\/\/audeo.com.tn\/en\/contacts\/\" style=\"border-radius:0px;color:#dddddd\">Contact us <i class=\"fa-solid fa-arrow-right\"><\/i><\/a><\/div>\n<\/div>\n<\/div>\n<\/div>\n<\/div>\n<\/div>\n\n\n\n<h2 class=\"wp-block-heading has-text-align-center\" style=\"font-size:40px;text-transform:uppercase\">Our products&nbsp;<\/h2>\n\n\n\n<div style=\"height:20px\" aria-hidden=\"true\" class=\"wp-block-spacer\"><\/div>\n\n\n\n<div class=\"wp-block-columns is-layout-flex wp-container-core-columns-is-layout-9d6595d7 wp-block-columns-is-layout-flex\">\n<div class=\"wp-block-column is-layout-flow wp-block-column-is-layout-flow\"><div class=\"wp-block-image block-img-hp\">\n<figure class=\"aligncenter size-full\"><a href=\"https:\/\/audeo.com.tn\/en\/product-category\/tissage\/\"><img loading=\"lazy\" decoding=\"async\" width=\"545\" height=\"280\" src=\"https:\/\/audeo.com.tn\/wp2\/wp-content\/uploads\/2024\/07\/tissage-hp.jpg\" alt=\"Tissage\" class=\"wp-image-237\" srcset=\"https:\/\/audeo.com.tn\/wp2\/wp-content\/uploads\/2024\/07\/tissage-hp.jpg 545w, https:\/\/audeo.com.tn\/wp2\/wp-content\/uploads\/2024\/07\/tissage-hp-300x154.jpg 300w\" sizes=\"auto, (max-width: 545px) 100vw, 545px\" \/><\/a><figcaption class=\"wp-element-caption\">Weaving<\/figcaption><\/figure>\n<\/div><\/div>\n\n\n\n<div class=\"wp-block-column is-layout-flow wp-block-column-is-layout-flow\"><div class=\"wp-block-image block-img-hp\">\n<figure class=\"aligncenter size-full\"><a href=\"https:\/\/audeo.com.tn\/en\/product-category\/tressage\/\"><img loading=\"lazy\" decoding=\"async\" width=\"545\" height=\"280\" src=\"https:\/\/audeo.com.tn\/wp2\/wp-content\/uploads\/2024\/07\/tressage-hp.jpg\" alt=\"Tressage\" class=\"wp-image-239\" srcset=\"https:\/\/audeo.com.tn\/wp2\/wp-content\/uploads\/2024\/07\/tressage-hp.jpg 545w, https:\/\/audeo.com.tn\/wp2\/wp-content\/uploads\/2024\/07\/tressage-hp-300x154.jpg 300w\" sizes=\"auto, (max-width: 545px) 100vw, 545px\" \/><\/a><figcaption class=\"wp-element-caption\">Braiding<\/figcaption><\/figure>\n<\/div><\/div>\n<\/div>\n\n\n\n<div class=\"wp-block-buttons is-content-justification-center is-layout-flex wp-container-core-buttons-is-layout-16018d1d wp-block-buttons-is-layout-flex\">\n<div class=\"wp-block-button\"><a class=\"wp-block-button__link has-white-color has-text-color has-background has-link-color has-text-align-center wp-element-button\" href=\"https:\/\/audeo.com.tn\/en\/catalogue\/\" style=\"border-radius:0px;background-color:#0627b3\">View our catalogs  <i class=\"fa-solid fa-arrow-right\"><\/i><\/a><\/div>\n<\/div>\n\n\n\n<div style=\"height:30px\" aria-hidden=\"true\" class=\"wp-block-spacer\"><\/div>\n\n\n\n<h2 class=\"wp-block-heading has-text-align-center\" style=\"font-size:40px;text-transform:uppercase\">Our services<\/h2>\n\n\n\n<div style=\"height:20px\" aria-hidden=\"true\" class=\"wp-block-spacer\"><\/div>\n\n\n\n<div class=\"wp-block-columns is-layout-flex wp-container-core-columns-is-layout-9d6595d7 wp-block-columns-is-layout-flex\">\n<div class=\"wp-block-column bloc-service-hp is-layout-flow wp-block-column-is-layout-flow\"><div class=\"wp-block-image\">\n<figure class=\"aligncenter size-full\"><img loading=\"lazy\" decoding=\"async\" width=\"100\" height=\"81\" src=\"https:\/\/audeo.com.tn\/wp2\/wp-content\/uploads\/2024\/09\/14-embout-metallique-.png\" alt=\"Pose embout m\u00e9tallique\" class=\"wp-image-247\"\/><\/figure>\n<\/div>\n\n\n<h3 class=\"wp-block-heading has-text-align-center\">Fitting metal end caps<\/h3>\n\n\n\n<p>Our plastic and metal end fitting machines are at your service.<\/p>\n\n\n\n<p class=\"lien-service-hp\"><a href=\"https:\/\/audeo.com.tn\/en\/services\/#pose\">Read more<\/a><\/p>\n<\/div>\n\n\n\n<div class=\"wp-block-column bloc-service-hp is-layout-flow wp-block-column-is-layout-flow\"><div class=\"wp-block-image\">\n<figure class=\"aligncenter size-full\"><img loading=\"lazy\" decoding=\"async\" width=\"100\" height=\"85\" src=\"https:\/\/audeo.com.tn\/wp2\/wp-content\/uploads\/2024\/09\/8-soudure.png\" alt=\"Soudure et coupe ultra son\" class=\"wp-image-260\"\/><\/figure>\n<\/div>\n\n\n<h3 class=\"wp-block-heading has-text-align-center\">Ultrasonic welding and cutting<\/h3>\n\n\n\n<p>We perform ultrasonic welding and cutting on all types of narrow textiles.<\/p>\n\n\n\n<p class=\"lien-service-hp\"><a href=\"https:\/\/audeo.com.tn\/en\/services\/#soudure\">Read more<\/a><\/p>\n<\/div>\n<\/div>\n\n\n\n<div class=\"wp-block-columns is-layout-flex wp-container-core-columns-is-layout-9d6595d7 wp-block-columns-is-layout-flex\">\n<div class=\"wp-block-column bloc-service-hp is-layout-flow wp-block-column-is-layout-flow\"><div class=\"wp-block-image\">\n<figure class=\"aligncenter size-full\"><img loading=\"lazy\" decoding=\"async\" width=\"100\" height=\"90\" src=\"https:\/\/audeo.com.tn\/wp2\/wp-content\/uploads\/2024\/09\/3-coupe-chaud-froid.png\" alt=\"Coupe \u00e0 chaud et \u00e0 froid\" class=\"wp-image-266\"\/><\/figure>\n<\/div>\n\n\n<h3 class=\"wp-block-heading has-text-align-center\">Hot and cold cutting<\/h3>\n\n\n\n<p>Using professional machines, we perform hot\/cold cutting on our narrow textiles.<\/p>\n\n\n\n<p class=\"lien-service-hp\"><a href=\"https:\/\/audeo.com.tn\/en\/services\/#coupe\">Read more<\/a><\/p>\n<\/div>\n\n\n\n<div class=\"wp-block-column bloc-service-hp is-layout-flow wp-block-column-is-layout-flow\"><div class=\"wp-block-image\">\n<figure class=\"aligncenter size-full\"><img loading=\"lazy\" decoding=\"async\" width=\"100\" height=\"84\" src=\"https:\/\/audeo.com.tn\/wp2\/wp-content\/uploads\/2024\/09\/2-montage-manuel.png\" alt=\"Montage manuel\" class=\"wp-image-267\"\/><\/figure>\n<\/div>\n\n\n<h3 class=\"wp-block-heading has-text-align-center\">Manual assembly<\/h3>\n\n\n\n<p>Notre \u00e9quipe qualifi\u00e9e effectue le montage manuel d&rsquo;articles de d\u00e9coration et de packaging.<\/p>\n\n\n\n<p class=\"lien-service-hp\"><a href=\"https:\/\/audeo.com.tn\/en\/services\/#montage\">Read more<\/a><\/p>\n<\/div>\n<\/div>\n\n\n\n<div class=\"wp-block-buttons is-content-justification-center is-layout-flex wp-container-core-buttons-is-layout-16018d1d wp-block-buttons-is-layout-flex\">\n<div class=\"wp-block-button\"><a class=\"wp-block-button__link has-white-color has-text-color has-background has-link-color has-text-align-center wp-element-button\" href=\"https:\/\/audeo.com.tn\/en\/services\/\" style=\"border-radius:0px;background-color:#0627b3\">See all our services  <i class=\"fa-solid fa-arrow-right\"><\/i><\/a><\/div>\n<\/div>\n\n\n\n<div style=\"height:20px\" aria-hidden=\"true\" class=\"wp-block-spacer\"><\/div>\n\n\n\n<h2 class=\"wp-block-heading has-text-align-center\" style=\"margin-top:var(--wp--preset--spacing--70);margin-bottom:var(--wp--preset--spacing--70);font-size:40px;text-transform:uppercase\">Our partners<\/h2>\n\n\n\n<div style=\"height:20px\" aria-hidden=\"true\" class=\"wp-block-spacer\"><\/div>\n\n\n\n<div class=\"wp-block-columns is-layout-flex wp-container-core-columns-is-layout-9d6595d7 wp-block-columns-is-layout-flex\">\n<div class=\"wp-block-column bloc-partenaire-hp is-layout-flow wp-block-column-is-layout-flow\"><div class=\"wp-block-image\">\n<figure class=\"aligncenter size-full\"><img loading=\"lazy\" decoding=\"async\" width=\"250\" height=\"250\" src=\"https:\/\/audeo.com.tn\/wp2\/wp-content\/uploads\/2024\/09\/vtl-logo.jpg\" alt=\"VTL Group\" class=\"wp-image-273\" srcset=\"https:\/\/audeo.com.tn\/wp2\/wp-content\/uploads\/2024\/09\/vtl-logo.jpg 250w, https:\/\/audeo.com.tn\/wp2\/wp-content\/uploads\/2024\/09\/vtl-logo-150x150.jpg 150w, https:\/\/audeo.com.tn\/wp2\/wp-content\/uploads\/2024\/09\/vtl-logo-100x100.jpg 100w\" sizes=\"auto, (max-width: 250px) 100vw, 250px\" \/><\/figure>\n<\/div><\/div>\n\n\n\n<div class=\"wp-block-column bloc-partenaire-hp is-layout-flow wp-block-column-is-layout-flow\"><div class=\"wp-block-image\">\n<figure class=\"aligncenter size-full\"><img loading=\"lazy\" decoding=\"async\" width=\"250\" height=\"250\" src=\"https:\/\/audeo.com.tn\/wp2\/wp-content\/uploads\/2024\/09\/logo8.jpg\" alt=\"TEXPRO\" class=\"wp-image-274\" srcset=\"https:\/\/audeo.com.tn\/wp2\/wp-content\/uploads\/2024\/09\/logo8.jpg 250w, https:\/\/audeo.com.tn\/wp2\/wp-content\/uploads\/2024\/09\/logo8-150x150.jpg 150w, https:\/\/audeo.com.tn\/wp2\/wp-content\/uploads\/2024\/09\/logo8-100x100.jpg 100w\" sizes=\"auto, (max-width: 250px) 100vw, 250px\" \/><\/figure>\n<\/div><\/div>\n\n\n\n<div class=\"wp-block-column bloc-partenaire-hp is-layout-flow wp-block-column-is-layout-flow\"><div class=\"wp-block-image\">\n<figure class=\"aligncenter size-full\"><img loading=\"lazy\" decoding=\"async\" width=\"250\" height=\"250\" src=\"https:\/\/audeo.com.tn\/wp2\/wp-content\/uploads\/2024\/09\/logo7.jpg\" alt=\"YOUSSTEX\" class=\"wp-image-275\" srcset=\"https:\/\/audeo.com.tn\/wp2\/wp-content\/uploads\/2024\/09\/logo7.jpg 250w, https:\/\/audeo.com.tn\/wp2\/wp-content\/uploads\/2024\/09\/logo7-150x150.jpg 150w, https:\/\/audeo.com.tn\/wp2\/wp-content\/uploads\/2024\/09\/logo7-100x100.jpg 100w\" sizes=\"auto, (max-width: 250px) 100vw, 250px\" \/><\/figure>\n<\/div><\/div>\n\n\n\n<div class=\"wp-block-column bloc-partenaire-hp is-layout-flow wp-block-column-is-layout-flow\"><div class=\"wp-block-image\">\n<figure class=\"aligncenter size-full\"><img loading=\"lazy\" decoding=\"async\" width=\"200\" height=\"200\" src=\"https:\/\/audeo.com.tn\/wp2\/wp-content\/uploads\/2024\/09\/download.jpg\" alt=\"\" class=\"wp-image-276\" srcset=\"https:\/\/audeo.com.tn\/wp2\/wp-content\/uploads\/2024\/09\/download.jpg 200w, https:\/\/audeo.com.tn\/wp2\/wp-content\/uploads\/2024\/09\/download-150x150.jpg 150w, https:\/\/audeo.com.tn\/wp2\/wp-content\/uploads\/2024\/09\/download-100x100.jpg 100w\" sizes=\"auto, (max-width: 200px) 100vw, 200px\" \/><\/figure>\n<\/div><\/div>\n\n\n\n<div class=\"wp-block-column bloc-partenaire-hp is-layout-flow wp-block-column-is-layout-flow\"><div class=\"wp-block-image\">\n<figure class=\"aligncenter size-full\"><img loading=\"lazy\" decoding=\"async\" width=\"250\" height=\"250\" src=\"https:\/\/audeo.com.tn\/wp2\/wp-content\/uploads\/2024\/09\/logo6.jpg\" alt=\"SARTEX\" class=\"wp-image-277\" srcset=\"https:\/\/audeo.com.tn\/wp2\/wp-content\/uploads\/2024\/09\/logo6.jpg 250w, https:\/\/audeo.com.tn\/wp2\/wp-content\/uploads\/2024\/09\/logo6-150x150.jpg 150w, https:\/\/audeo.com.tn\/wp2\/wp-content\/uploads\/2024\/09\/logo6-100x100.jpg 100w\" sizes=\"auto, (max-width: 250px) 100vw, 250px\" \/><\/figure>\n<\/div><\/div>\n\n\n\n<div class=\"wp-block-column bloc-partenaire-hp is-layout-flow wp-block-column-is-layout-flow\"><div class=\"wp-block-image\">\n<figure class=\"aligncenter size-full\"><img loading=\"lazy\" decoding=\"async\" width=\"250\" height=\"250\" src=\"https:\/\/audeo.com.tn\/wp2\/wp-content\/uploads\/2024\/09\/logo2.jpg\" alt=\"Denim Authority\" class=\"wp-image-278\" srcset=\"https:\/\/audeo.com.tn\/wp2\/wp-content\/uploads\/2024\/09\/logo2.jpg 250w, https:\/\/audeo.com.tn\/wp2\/wp-content\/uploads\/2024\/09\/logo2-150x150.jpg 150w, https:\/\/audeo.com.tn\/wp2\/wp-content\/uploads\/2024\/09\/logo2-100x100.jpg 100w\" sizes=\"auto, (max-width: 250px) 100vw, 250px\" \/><\/figure>\n<\/div><\/div>\n<\/div>\n\n\n\n<h2 class=\"wp-block-heading has-text-align-center\" style=\"margin-top:var(--wp--preset--spacing--60);margin-bottom:var(--wp--preset--spacing--60);font-size:40px;text-transform:uppercase\">Contact us<\/h2>\n\n\n\n<div class=\"wp-block-columns is-layout-flex wp-container-core-columns-is-layout-9d6595d7 wp-block-columns-is-layout-flex\">\n<div class=\"wp-block-column is-layout-flow wp-block-column-is-layout-flow\"><\/div>\n\n\n\n<div class=\"wp-block-column is-layout-flow wp-block-column-is-layout-flow\"><\/div>\n<\/div>\n\n\n\n<div class=\"wp-block-columns is-layout-flex wp-container-core-columns-is-layout-9d6595d7 wp-block-columns-is-layout-flex\">\n<div class=\"wp-block-column is-layout-flow wp-block-column-is-layout-flow\">\n<div style=\"height:51px\" aria-hidden=\"true\" class=\"wp-block-spacer\"><\/div>\n\n\n\n<p class=\"has-text-align-left\">Please do not hesitate to contact us with any questions, requests for information, suggestions or requests for quotes. <\/p>\n\n\n\n<p class=\"has-text-align-left\">We are here to assist you and answer all your questions. <br>See you soon.<\/p>\n<\/div>\n\n\n\n<div class=\"wp-block-column is-layout-flow wp-block-column-is-layout-flow\">\n<div class=\"wp-block-columns is-layout-flex wp-container-core-columns-is-layout-9d6595d7 wp-block-columns-is-layout-flex\">\n<div class=\"wp-block-column is-layout-flow wp-block-column-is-layout-flow\"><\/div>\n\n\n\n<div class=\"wp-block-column is-layout-flow wp-block-column-is-layout-flow\"><\/div>\n<\/div>\n\n\n\n<div style=\"display:flex; justify-content: flex-end; margin: 10px 0;\">\n<i class=\"fa-solid fa-location-dot\" style=\"display:block;font-size:20px; padding:5px\"><\/i>\n<div><strong>Industrial zone Bouhjar<\/strong><br>\nMonastir 5015 &#8211; Tunisie.\n<\/div>\n<\/div>\n\n\n\n<div style=\"display:flex; justify-content: flex-end; margin: 10px 0;\">\n<i class=\"fa-solid fa-mobile-screen-button\" style=\"display:block;font-size:20px; padding:5px\"><\/i>\n<div><strong>(+216) 73 434 220<\/strong><br>\n(+216) 73 434 227\n<\/div>\n<\/div>\n\n\n\n<div style=\"display:flex; justify-content: flex-end; margin: 10px 0;\">\n<i class=\"fa-regular fa-envelope\" style=\"display:block;font-size:20px; padding:5px\"><\/i>\n<div><strong>contact@audeo.com.tn<br>\n<\/div>\n<\/div>\n<\/div>\n<\/div>\n\n\n\n<div style=\"height:20px\" aria-hidden=\"true\" class=\"wp-block-spacer\"><\/div>\n\n\n\n<div style=\"height:20px\" aria-hidden=\"true\" class=\"wp-block-spacer\"><\/div>","protected":false},"excerpt":{"rendered":"<p>La soci\u00e9t\u00e9 tunisienne Aud\u00e9o est sp\u00e9cialis\u00e9e dans la fabrication de rubans, cordons, tresses et autres textiles \u00e9troits<\/p>","protected":false},"author":1,"featured_media":0,"parent":0,"menu_order":0,"comment_status":"closed","ping_status":"closed","template":"templates\/template-no-sidebar.php","meta":{"_acf_changed":false,"footnotes":""},"class_list":["post-28","page","type-page","status-publish","hentry"],"acf":[],"aioseo_notices":[],"_links":{"self":[{"href":"https:\/\/audeo.com.tn\/en\/wp-json\/wp\/v2\/pages\/28","targetHints":{"allow":["GET"]}}],"collection":[{"href":"https:\/\/audeo.com.tn\/en\/wp-json\/wp\/v2\/pages"}],"about":[{"href":"https:\/\/audeo.com.tn\/en\/wp-json\/wp\/v2\/types\/page"}],"author":[{"embeddable":true,"href":"https:\/\/audeo.com.tn\/en\/wp-json\/wp\/v2\/users\/1"}],"replies":[{"embeddable":true,"href":"https:\/\/audeo.com.tn\/en\/wp-json\/wp\/v2\/comments?post=28"}],"version-history":[{"count":98,"href":"https:\/\/audeo.com.tn\/en\/wp-json\/wp\/v2\/pages\/28\/revisions"}],"predecessor-version":[{"id":1052,"href":"https:\/\/audeo.com.tn\/en\/wp-json\/wp\/v2\/pages\/28\/revisions\/1052"}],"wp:attachment":[{"href":"https:\/\/audeo.com.tn\/en\/wp-json\/wp\/v2\/media?parent=28"}],"curies":[{"name":"wp","href":"https:\/\/api.w.org\/{rel}","templated":true}]}}